{"id":9,"date":"2016-05-26T10:16:05","date_gmt":"2016-05-26T08:16:05","guid":{"rendered":"http:\/\/adomtraitdunion.fr\/?page_id=9"},"modified":"2023-01-16T15:10:54","modified_gmt":"2023-01-16T14:10:54","slug":"service-daide-et-daccompagnement-a-domicile","status":"publish","type":"page","link":"https:\/\/www.adomtraitdunion.fr\/index.php\/service-daide-et-daccompagnement-a-domicile\/","title":{"rendered":"Service d&rsquo;aide et d&rsquo;accompagnement \u00e0 domicile"},"content":{"rendered":"<h2 class=\"bgh2\">La libert\u00e9 de rester chez soi<\/h2>\n<p>Notre Service d&rsquo;aide et d&rsquo;accompagnement a pour but de contribuer au maintien \u00e0 domicile des personnes rencontrant des difficult\u00e9s permanentes ou passag\u00e8res.<\/p>\n<p>Que vous soyez \u00e2g\u00e9, malade, en situation de handicap ou que vous cherchiez une solution adapt\u00e9e pour l\u2019un de vos proches, nous vous accompagnons dans les actes essentiels de la vie quotidienne et les actes ordinaires de la vie courante, tout en pr\u00e9servant l\u2019autonomie dans le respect de l\u2019intimit\u00e9 et de la libert\u00e9 de chacun.<\/p>\n<p>L&rsquo;association propose \u00e9galement des activit\u00e9s en relais de l&rsquo;aidant.<\/p>\n<p>Notre priorit\u00e9 est de fournir un accompagnement de qualit\u00e9, dans la recherche du bien-\u00eatre de la personne que nous aidons tout en assurant une continuit\u00e9 de service 7 jours sur 7.<\/p>\n<h3 class=\"vieuh4coord\" style=\"text-align: left;\">Les actes essentiels<\/h3>\n<ul>\n<li>La prise des repas<\/li>\n<li>L\u2019aide \u00e0 la toilette<\/li>\n<li>L\u2019aide \u00e0 l\u2019habillage<\/li>\n<li>L\u2019aide au lever et au coucher<\/li>\n<\/ul>\n<h3 class=\"vieuh4coord\" style=\"text-align: left;\">Les actes ordinaires<\/h3>\n<ul>\n<li>La pr\u00e9paration des repas<\/li>\n<li>L\u2019entretien du logement et du linge<\/li>\n<li>La r\u00e9alisation des courses<\/li>\n<li>L\u2019accompagnement aux d\u00e9placements ext\u00e9rieurs<\/li>\n<li>L\u2019aide \u00e0 la r\u00e9alisation de t\u00e2ches administratives simples<\/li>\n<\/ul>\n<p style=\"text-align: center;\"><img decoding=\"async\" src=\"https:\/\/www.adomtraitdunion.fr\/wp-content\/uploads\/2016\/05\/accompagnement.png\" alt=\"\" width=\"100%\" \/><\/p>\n<h3 class=\"vieuh4coord\">Aupr\u00e8s des personnes \u00e2g\u00e9es ou d\u00e9pendantes<\/h3>\n<p><strong>Les prises en charge sont assur\u00e9es par<\/strong> :<\/p>\n<ul>\n<li>Le Conseil D\u00e9partemental dans le cadre de l\u2019<strong>Allocation Personnalis\u00e9e Autonomie (APA)<\/strong> ou de l\u2019<strong>Aide sociale<\/strong><\/li>\n<li>Les <strong>Caisses de retraite<\/strong> (CARSAT, MSA\u2026), l<strong>&lsquo;Aide au Retour \u00e0 Domicile apr\u00e8s Hospitalisation<\/strong> (ARDH)<\/li>\n<li>Les <strong>mutuelles<\/strong> ou <strong>soci\u00e9t\u00e9s d\u2019assistance<\/strong> (assurances,\u2026)<\/li>\n<\/ul>\n<h3 class=\"vieuh4coord\">Aupr\u00e8s des personnes en situation de handicap<\/h3>\n<p><strong>Les prestations peuvent \u00eatre prises en charge par<\/strong> :<\/p>\n<ul>\n<li>La <strong>Prestation de Compensation du Handicap (PCH)<\/strong> ou l\u2019<strong>Allocation Compensatrice pour Tierce Personne (ACTP)<\/strong><\/li>\n<li>L\u2019<strong>Allocation d\u2019Education de l\u2019Enfant Handicap\u00e9 (AEEH)<\/strong><\/li>\n<li>La <strong>prestation compl\u00e9mentaire pour recours \u00e0 tierce personne<\/strong> dans le cadre d&rsquo;une rente pour accident du travail ou maladie professionnelle <strong>(MCRTP)<\/strong><\/li>\n<li>L\u2019<strong>Aide sociale<\/strong> l\u00e9gale dite \u00ab aide m\u00e9nag\u00e8re \u00bb<\/li>\n<\/ul>\n<p>Une participation financi\u00e8re peut rester \u00e0 votre charge en fonction de vos ressources. Vous pouvez \u00e9galement prendre en charge vous-m\u00eame la totalit\u00e9 du prix horaire de la prestation.<\/p>\n<h2 class=\"bgh2\">Comment ?<\/h2>\n<p>De l\u2019accueil, \u00e0 la mise en place et au suivi des prestations.<\/p>\n<p>Nous \u00e9tudions chaque prise en charge de mani\u00e8re individuelle en prenant en compte vos attentes et vos besoins. Lors d\u2019une <strong>premi\u00e8re visite<\/strong> \u00e0 votre domicile, un responsable de secteur \u00e9value avec vous vos besoins, vous propose une intervention adapt\u00e9e. Un devis et les documents contractuels sont \u00e9tablis avant toute intervention, sauf en cas de mise en place en urgence.<\/p>\n<p>Le responsable de secteur met ensuite en place un <strong>plan d&rsquo;aide personnalis\u00e9<\/strong> et vous propose un intervenant en ad\u00e9quation avec vos besoins et les conventions avec les organismes financeurs.<\/p>\n<p>Les interventions \u00e0 domicile sont d\u00e9finies et programm\u00e9es selon un <strong>planning<\/strong> qui vous est remis mensuellement. A la fin de chaque intervention, il vous est pr\u00e9sent\u00e9 un <strong>feuillet de pointage<\/strong> \u00e0 signer qui mentionne la date de l&rsquo;intervention, l&rsquo;heure d&rsquo;arriv\u00e9e et l&rsquo;heure de d\u00e9part ainsi que le nombre total d&rsquo;heures effectu\u00e9es.<\/p>\n<p>Vous recevez une <strong>facture mensuelle<\/strong>.<\/p>\n<p>Vous recevez \u00e9galement un <strong>questionnaire de satisfaction<\/strong> sous 8 jours puis chaque ann\u00e9e afin d&rsquo;avoir votre avis sur nos services et les conditions de leur mise en oeuvre.<\/p>\n","protected":false},"excerpt":{"rendered":"<p>La libert\u00e9 de rester chez soi Notre Service d&rsquo;aide et d&rsquo;accompagnement a pour but de contribuer au maintien \u00e0 domicile des personnes rencontrant des difficult\u00e9s permanentes ou passag\u00e8res. Que vous soyez \u00e2g\u00e9, malade, en situation de handicap ou que vous cherchiez une solution adapt\u00e9e pour l\u2019un de vos proches, nous vous accompagnons dans les actes [&hellip;]<\/p>\n","protected":false},"author":1,"featured_media":0,"parent":0,"menu_order":0,"comment_status":"closed","ping_status":"closed","template":"Accompagnements.php","meta":{"_monsterinsights_skip_tracking":false,"_monsterinsights_sitenote_active":false,"_monsterinsights_sitenote_note":"","_monsterinsights_sitenote_category":0},"yoast_head":"<!-- This site is optimized with the Yoast SEO plugin v21.1 - https:\/\/yoast.com\/wordpress\/plugins\/seo\/ -->\n<title>Service d&#039;aide et d&#039;accompagnement \u00e0 domicile<\/title>\n<meta name=\"description\" content=\"Service d&#039;aide et d&#039;accompagnement permettant de contribuer au maintien \u00e0 domicile de personnes rencontrant des difficult\u00e9s permanentes ou passag\u00e8res.\" \/>\n<meta name=\"robots\" content=\"index, follow, max-snippet:-1, max-image-preview:large, max-video-preview:-1\" \/>\n<link rel=\"canonical\" href=\"https:\/\/www.adomtraitdunion.fr\/index.php\/service-daide-et-daccompagnement-a-domicile\/\" \/>\n<meta property=\"og:locale\" content=\"fr_FR\" \/>\n<meta property=\"og:type\" content=\"article\" \/>\n<meta property=\"og:title\" content=\"Service d&#039;aide et d&#039;accompagnement \u00e0 domicile\" \/>\n<meta property=\"og:description\" content=\"Service d&#039;aide et d&#039;accompagnement permettant de contribuer au maintien \u00e0 domicile de personnes rencontrant des difficult\u00e9s permanentes ou passag\u00e8res.\" \/>\n<meta property=\"og:url\" content=\"https:\/\/www.adomtraitdunion.fr\/index.php\/service-daide-et-daccompagnement-a-domicile\/\" \/>\n<meta property=\"og:site_name\" content=\"Adom Trait d&#039;Union - Services d&#039;aide \u00e0 domicile \u00e0 Plaisance\" \/>\n<meta property=\"article:modified_time\" content=\"2023-01-16T14:10:54+00:00\" \/>\n<meta property=\"og:image\" content=\"https:\/\/www.adomtraitdunion.fr\/wp-content\/uploads\/2016\/05\/accompagnement.png\" \/>\n<meta name=\"twitter:card\" content=\"summary_large_image\" \/>\n<meta name=\"twitter:label1\" content=\"Dur\u00e9e de lecture estim\u00e9e\" \/>\n\t<meta name=\"twitter:data1\" content=\"3 minutes\" \/>\n<script type=\"application\/ld+json\" class=\"yoast-schema-graph\">{\"@context\":\"https:\/\/schema.org\",\"@graph\":[{\"@type\":\"WebPage\",\"@id\":\"https:\/\/www.adomtraitdunion.fr\/index.php\/service-daide-et-daccompagnement-a-domicile\/\",\"url\":\"https:\/\/www.adomtraitdunion.fr\/index.php\/service-daide-et-daccompagnement-a-domicile\/\",\"name\":\"Service d'aide et d'accompagnement \u00e0 domicile\",\"isPartOf\":{\"@id\":\"https:\/\/www.adomtraitdunion.fr\/#website\"},\"datePublished\":\"2016-05-26T08:16:05+00:00\",\"dateModified\":\"2023-01-16T14:10:54+00:00\",\"description\":\"Service d'aide et d'accompagnement permettant de contribuer au maintien \u00e0 domicile de personnes rencontrant des difficult\u00e9s permanentes ou passag\u00e8res.\",\"breadcrumb\":{\"@id\":\"https:\/\/www.adomtraitdunion.fr\/index.php\/service-daide-et-daccompagnement-a-domicile\/#breadcrumb\"},\"inLanguage\":\"fr-FR\",\"potentialAction\":[{\"@type\":\"ReadAction\",\"target\":[\"https:\/\/www.adomtraitdunion.fr\/index.php\/service-daide-et-daccompagnement-a-domicile\/\"]}]},{\"@type\":\"BreadcrumbList\",\"@id\":\"https:\/\/www.adomtraitdunion.fr\/index.php\/service-daide-et-daccompagnement-a-domicile\/#breadcrumb\",\"itemListElement\":[{\"@type\":\"ListItem\",\"position\":1,\"name\":\"Accueil\",\"item\":\"https:\/\/www.adomtraitdunion.fr\/\"},{\"@type\":\"ListItem\",\"position\":2,\"name\":\"Service d&rsquo;aide et d&rsquo;accompagnement \u00e0 domicile\"}]},{\"@type\":\"WebSite\",\"@id\":\"https:\/\/www.adomtraitdunion.fr\/#website\",\"url\":\"https:\/\/www.adomtraitdunion.fr\/\",\"name\":\"Adom Trait d&#039;Union - Services d&#039;aide \u00e0 domicile \u00e0 Plaisance\",\"description\":\"\",\"potentialAction\":[{\"@type\":\"SearchAction\",\"target\":{\"@type\":\"EntryPoint\",\"urlTemplate\":\"https:\/\/www.adomtraitdunion.fr\/?s={search_term_string}\"},\"query-input\":\"required name=search_term_string\"}],\"inLanguage\":\"fr-FR\"}]}<\/script>\n<!-- \/ Yoast SEO plugin. -->","yoast_head_json":{"title":"Service d'aide et d'accompagnement \u00e0 domicile","description":"Service d'aide et d'accompagnement permettant de contribuer au maintien \u00e0 domicile de personnes rencontrant des difficult\u00e9s permanentes ou passag\u00e8res.","robots":{"index":"index","follow":"follow","max-snippet":"max-snippet:-1","max-image-preview":"max-image-preview:large","max-video-preview":"max-video-preview:-1"},"canonical":"https:\/\/www.adomtraitdunion.fr\/index.php\/service-daide-et-daccompagnement-a-domicile\/","og_locale":"fr_FR","og_type":"article","og_title":"Service d'aide et d'accompagnement \u00e0 domicile","og_description":"Service d'aide et d'accompagnement permettant de contribuer au maintien \u00e0 domicile de personnes rencontrant des difficult\u00e9s permanentes ou passag\u00e8res.","og_url":"https:\/\/www.adomtraitdunion.fr\/index.php\/service-daide-et-daccompagnement-a-domicile\/","og_site_name":"Adom Trait d&#039;Union - Services d&#039;aide \u00e0 domicile \u00e0 Plaisance","article_modified_time":"2023-01-16T14:10:54+00:00","og_image":[{"url":"https:\/\/www.adomtraitdunion.fr\/wp-content\/uploads\/2016\/05\/accompagnement.png"}],"twitter_card":"summary_large_image","twitter_misc":{"Dur\u00e9e de lecture estim\u00e9e":"3 minutes"},"schema":{"@context":"https:\/\/schema.org","@graph":[{"@type":"WebPage","@id":"https:\/\/www.adomtraitdunion.fr\/index.php\/service-daide-et-daccompagnement-a-domicile\/","url":"https:\/\/www.adomtraitdunion.fr\/index.php\/service-daide-et-daccompagnement-a-domicile\/","name":"Service d'aide et d'accompagnement \u00e0 domicile","isPartOf":{"@id":"https:\/\/www.adomtraitdunion.fr\/#website"},"datePublished":"2016-05-26T08:16:05+00:00","dateModified":"2023-01-16T14:10:54+00:00","description":"Service d'aide et d'accompagnement permettant de contribuer au maintien \u00e0 domicile de personnes rencontrant des difficult\u00e9s permanentes ou passag\u00e8res.","breadcrumb":{"@id":"https:\/\/www.adomtraitdunion.fr\/index.php\/service-daide-et-daccompagnement-a-domicile\/#breadcrumb"},"inLanguage":"fr-FR","potentialAction":[{"@type":"ReadAction","target":["https:\/\/www.adomtraitdunion.fr\/index.php\/service-daide-et-daccompagnement-a-domicile\/"]}]},{"@type":"BreadcrumbList","@id":"https:\/\/www.adomtraitdunion.fr\/index.php\/service-daide-et-daccompagnement-a-domicile\/#breadcrumb","itemListElement":[{"@type":"ListItem","position":1,"name":"Accueil","item":"https:\/\/www.adomtraitdunion.fr\/"},{"@type":"ListItem","position":2,"name":"Service d&rsquo;aide et d&rsquo;accompagnement \u00e0 domicile"}]},{"@type":"WebSite","@id":"https:\/\/www.adomtraitdunion.fr\/#website","url":"https:\/\/www.adomtraitdunion.fr\/","name":"Adom Trait d&#039;Union - Services d&#039;aide \u00e0 domicile \u00e0 Plaisance","description":"","potentialAction":[{"@type":"SearchAction","target":{"@type":"EntryPoint","urlTemplate":"https:\/\/www.adomtraitdunion.fr\/?s={search_term_string}"},"query-input":"required name=search_term_string"}],"inLanguage":"fr-FR"}]}},"_links":{"self":[{"href":"https:\/\/www.adomtraitdunion.fr\/index.php\/wp-json\/wp\/v2\/pages\/9"}],"collection":[{"href":"https:\/\/www.adomtraitdunion.fr\/index.php\/wp-json\/wp\/v2\/pages"}],"about":[{"href":"https:\/\/www.adomtraitdunion.fr\/index.php\/wp-json\/wp\/v2\/types\/page"}],"author":[{"embeddable":true,"href":"https:\/\/www.adomtraitdunion.fr\/index.php\/wp-json\/wp\/v2\/users\/1"}],"replies":[{"embeddable":true,"href":"https:\/\/www.adomtraitdunion.fr\/index.php\/wp-json\/wp\/v2\/comments?post=9"}],"version-history":[{"count":5,"href":"https:\/\/www.adomtraitdunion.fr\/index.php\/wp-json\/wp\/v2\/pages\/9\/revisions"}],"predecessor-version":[{"id":226,"href":"https:\/\/www.adomtraitdunion.fr\/index.php\/wp-json\/wp\/v2\/pages\/9\/revisions\/226"}],"wp:attachment":[{"href":"https:\/\/www.adomtraitdunion.fr\/index.php\/wp-json\/wp\/v2\/media?parent=9"}],"curies":[{"name":"wp","href":"https:\/\/api.w.org\/{rel}","templated":true}]}}