{"id":23,"date":"2016-05-26T10:36:36","date_gmt":"2016-05-26T08:36:36","guid":{"rendered":"http:\/\/adomtraitdunion.fr\/?page_id=23"},"modified":"2023-01-16T15:04:29","modified_gmt":"2023-01-16T14:04:29","slug":"mentions-legales","status":"publish","type":"page","link":"https:\/\/www.adomtraitdunion.fr\/index.php\/mentions-legales\/","title":{"rendered":"Mentions l\u00e9gales"},"content":{"rendered":"<h2>Conditions g\u00e9n\u00e9rales d\u2019utilisation<\/h2>\n<p class=\"pse\" style=\"text-align: justify;\">Lorsque vous utilisez ce site, vous acceptez toutes les conditions d\u2019utilisations \u00e9nonc\u00e9es ci dessous. Les informations \u00e9tant susceptibles d\u2019\u00eatre modifi\u00e9es, nous vous conseillons de consulter r\u00e9guli\u00e8rement ces mentions l\u00e9gales. L&rsquo;association Adom &#8211; Trait d&rsquo;Union ne saura \u00eatre tenue pour responsable des dommages directs ou indirects caus\u00e9s \u00e0 son mat\u00e9riel ou \u00e0 son activit\u00e9 professionnelle lors de la visite de ce site.<\/p>\n<h2>Propri\u00e9t\u00e9 intellectuelle<\/h2>\n<p class=\"pse\" style=\"text-align: justify;\">Ce site internet est la propri\u00e9t\u00e9 de l&rsquo;association Adom &#8211; Trait d&rsquo;Union ainsi, les images, les photographies et la structure du site internet en sont sa propri\u00e9t\u00e9 exclusive. Toute utilisation de tout ou partie des \u00e9l\u00e9ments du site est interdite sauf autorisation \u00e9crite du responsable de publication. Dans le cas contraire vous risquez d\u2019\u00eatre poursuivi conform\u00e9ment aux dispositions des articles L.335-2 et suivants du Code de Propri\u00e9t\u00e9 Intellectuelle.<\/p>\n<h2>Gestion des donn\u00e9es personnelles<\/h2>\n<p class=\"pse\" style=\"text-align: justify;\">Les informations recueillies sur ce site sont exclusivement destin\u00e9es au fonctionnement du site.<\/p>\n<p class=\"pse\" style=\"text-align: justify;\">Conform\u00e9ment \u00e0 la loi \u00ab informatique et libert\u00e9s \u00bb du 6 janvier 1978, vous b\u00e9n\u00e9ficiez d\u2019un droit d\u2019acc\u00e8s et de rectification aux informations qui vous concernent. Si vous souhaitez exercer ce droit et obtenir communication des informations vous concernant, veuillez vous adresser \u00e0 <span class=\"gI\">direction.adomtraitdunion@orange.fr<\/span>. Pour plus d\u2019informations, veuillez consulter le site de la CNIL.<\/p>\n<h2>Cookies<\/h2>\n<p class=\"pse\" style=\"text-align: justify;\">Un cookie (ou t\u00e9moin de connexion) est un fichier texte susceptible d\u2019\u00eatre enregistr\u00e9, sous r\u00e9serve de vos choix, dans un espace d\u00e9di\u00e9 du disque dur de votre terminal (ordinateur, tablette \u2026) \u00e0 l\u2019occasion de la consultation d\u2019un service en ligne gr\u00e2ce \u00e0 votre logiciel de navigation.<\/p>\n<p class=\"pse\" style=\"text-align: justify;\">Il est transmis par le serveur d\u2019un site internet \u00e0 votre navigateur. A chaque cookie est attribu\u00e9 un identifiant anonyme. Le fichier cookie permet \u00e0 son \u00e9metteur d\u2019identifier le terminal dans lequel il est enregistr\u00e9 pendant la dur\u00e9e de validit\u00e9 ou d\u2019enregistrement du cookie concern\u00e9. Un cookie ne permet pas de remonter \u00e0 une personne physique.<\/p>\n<p class=\"pse\" style=\"text-align: justify;\">Lorsque vous consultez ce site<a href=\"https:\/\/www.adomtraitdunion.fr\">,<\/a> nous pouvons \u00eatre amen\u00e9s \u00e0 installer, sous r\u00e9serve de votre choix, diff\u00e9rents cookies. Vous pouvez \u00e0 tout moment param\u00e9trer votre navigateur afin d\u2019exprimer et de modifier vos souhaits en mati\u00e8re de cookies et notamment concernant les cookies de statistique. Vous pouvez exprimer vos choix en param\u00e9trant votre navigateur de fa\u00e7on \u00e0 refuser certains cookies.<\/p>\n<p class=\"pse\" style=\"text-align: justify;\">Si vous refusez nos cookies, votre visite sur le site ne sera plus comptabilis\u00e9e dans Google Analytics et vous ne pourrez plus b\u00e9n\u00e9ficier d\u2019un certain nombre de fonctionnalit\u00e9s qui sont n\u00e9anmoins n\u00e9cessaires pour naviguer dans certaines de nos pages.<\/p>\n<p class=\"pse\" style=\"text-align: justify;\">Nous vous informons que vous pouvez toutefois vous opposer \u00e0 l\u2019enregistrement de cookies en suivant le mode op\u00e9ratoire disponible ci-dessous :<\/p>\n<p>Sur Internet Explorer<br \/>\n1. Allez dans Outils &gt; Options Internet.<br \/>\n2. Cliquez sur l\u2019onglet confidentialit\u00e9.<br \/>\n3. Cliquez sur le bouton avanc\u00e9, cochez la case  \u00bb Ignorer la gestion automatique des cookies \u00bb.<\/p>\n<p>Sur Firefox<br \/>\n1. En haut de la fen\u00eatre de Firefox, cliquez sur le bouton Firefox (menu Outils sous Windows XP), puis s\u00e9lectionnez Options.<br \/>\n2. S\u00e9lectionnez le panneau Vie priv\u00e9e.<br \/>\n3. Param\u00e9trez R\u00e8gles de conservation : \u00e0 utiliser les param\u00e8tres personnalis\u00e9s pour l\u2019historique.<br \/>\n4. D\u00e9cochez Accepter les cookies.<\/p>\n<p>Sur Chrome<br \/>\n1. Cliquez sur l\u2019ic\u00f4ne repr\u00e9sentant une cl\u00e9 \u00e0 molette qui est situ\u00e9e dans la barre d\u2019outils du navigateur.<br \/>\n2. S\u00e9lectionnez Param\u00e8tres.<br \/>\n3. Cliquez sur Afficher les param\u00e8tres avanc\u00e9s.<br \/>\n4. Dans la section \u00ab Confidentialit\u00e9 \u00bb, cliquez sur le bouton Param\u00e8tres de contenu.<br \/>\n5. Dans la section \u00ab Cookies \u00bb, vous pouvez bloquer les cookies et donn\u00e9es de sites tiers<\/p>\n<p>Sur Safari<br \/>\n1. Allez dans R\u00e9glages &gt; Pr\u00e9f\u00e9rences<br \/>\n2. Cliquez sur l\u2019onglet Confidentialit\u00e9<br \/>\n3. Dans la zone  \u00bb Bloquer les cookies \u00ab , cochez la case \u00ab toujours \u00bb<\/p>\n<p>Sur Op\u00e9ra<br \/>\n1. Allez dans R\u00e9glages &gt; Pr\u00e9f\u00e9rences<br \/>\n2. Cliquez sur l\u2019onglet avanc\u00e9es<br \/>\n3. Dans la zone  \u00bb Cookies \u00ab , cochez la case  \u00bb Ne jamais accepter les cookies \u00bb<\/p>\n<h2>Propri\u00e9taire du site<\/h2>\n<p style=\"text-align: left;\"><strong>Adom Trait d&rsquo;Union<\/strong><br \/>16, rue des Pyr\u00e9n\u00e9es<br \/>\n32160 PLAISANCE DU GERS<\/p>\n<h2>Responsable publication<\/h2>\n<p style=\"text-align: left;\"><strong>Adom Trait d&rsquo;Union<\/strong><br \/> direction.adomtraitdunion@orange.fr<\/p>\n<h2>Cr\u00e9ation du site<\/h2>\n<p style=\"text-align: left;\"><strong>Anthony Domege Webmaster<\/strong><br \/><a href=\"https:\/\/www.domege-webmaster.com\/\">www.domege-webmaster.com<\/a><\/p>\n<h2>H\u00e9bergeur<\/h2>\n<p style=\"text-align: left;\"><strong>OVH<\/strong> : 2 rue Kellermann 59100 Roubaix &#8211; France<\/p>\n","protected":false},"excerpt":{"rendered":"<p>Conditions g\u00e9n\u00e9rales d\u2019utilisation Lorsque vous utilisez ce site, vous acceptez toutes les conditions d\u2019utilisations \u00e9nonc\u00e9es ci dessous. Les informations \u00e9tant susceptibles d\u2019\u00eatre modifi\u00e9es, nous vous conseillons de consulter r\u00e9guli\u00e8rement ces mentions l\u00e9gales. L&rsquo;association Adom &#8211; Trait d&rsquo;Union ne saura \u00eatre tenue pour responsable des dommages directs ou indirects caus\u00e9s \u00e0 son mat\u00e9riel ou \u00e0 son [&hellip;]<\/p>\n","protected":false},"author":1,"featured_media":0,"parent":0,"menu_order":0,"comment_status":"closed","ping_status":"closed","template":"","meta":{"_monsterinsights_skip_tracking":false,"_monsterinsights_sitenote_active":false,"_monsterinsights_sitenote_note":"","_monsterinsights_sitenote_category":0},"yoast_head":"<!-- This site is optimized with the Yoast SEO plugin v21.1 - https:\/\/yoast.com\/wordpress\/plugins\/seo\/ -->\n<title>Mentions l\u00e9gales - Adom Trait d&#039;Union - Services d&#039;aide \u00e0 domicile \u00e0 Plaisance<\/title>\n<meta name=\"robots\" content=\"index, follow, max-snippet:-1, max-image-preview:large, max-video-preview:-1\" \/>\n<link rel=\"canonical\" href=\"https:\/\/www.adomtraitdunion.fr\/index.php\/mentions-legales\/\" \/>\n<meta property=\"og:locale\" content=\"fr_FR\" \/>\n<meta property=\"og:type\" content=\"article\" \/>\n<meta property=\"og:title\" content=\"Mentions l\u00e9gales - Adom Trait d&#039;Union - Services d&#039;aide \u00e0 domicile \u00e0 Plaisance\" \/>\n<meta property=\"og:description\" content=\"Conditions g\u00e9n\u00e9rales d\u2019utilisation Lorsque vous utilisez ce site, vous acceptez toutes les conditions d\u2019utilisations \u00e9nonc\u00e9es ci dessous. Les informations \u00e9tant susceptibles d\u2019\u00eatre modifi\u00e9es, nous vous conseillons de consulter r\u00e9guli\u00e8rement ces mentions l\u00e9gales. L&rsquo;association Adom &#8211; Trait d&rsquo;Union ne saura \u00eatre tenue pour responsable des dommages directs ou indirects caus\u00e9s \u00e0 son mat\u00e9riel ou \u00e0 son [&hellip;]\" \/>\n<meta property=\"og:url\" content=\"https:\/\/www.adomtraitdunion.fr\/index.php\/mentions-legales\/\" \/>\n<meta property=\"og:site_name\" content=\"Adom Trait d&#039;Union - Services d&#039;aide \u00e0 domicile \u00e0 Plaisance\" \/>\n<meta property=\"article:modified_time\" content=\"2023-01-16T14:04:29+00:00\" \/>\n<meta name=\"twitter:card\" content=\"summary_large_image\" \/>\n<meta name=\"twitter:label1\" content=\"Dur\u00e9e de lecture estim\u00e9e\" \/>\n\t<meta name=\"twitter:data1\" content=\"4 minutes\" \/>\n<script type=\"application\/ld+json\" class=\"yoast-schema-graph\">{\"@context\":\"https:\/\/schema.org\",\"@graph\":[{\"@type\":\"WebPage\",\"@id\":\"https:\/\/www.adomtraitdunion.fr\/index.php\/mentions-legales\/\",\"url\":\"https:\/\/www.adomtraitdunion.fr\/index.php\/mentions-legales\/\",\"name\":\"Mentions l\u00e9gales - Adom Trait d&#039;Union - Services d&#039;aide \u00e0 domicile \u00e0 Plaisance\",\"isPartOf\":{\"@id\":\"https:\/\/www.adomtraitdunion.fr\/#website\"},\"datePublished\":\"2016-05-26T08:36:36+00:00\",\"dateModified\":\"2023-01-16T14:04:29+00:00\",\"breadcrumb\":{\"@id\":\"https:\/\/www.adomtraitdunion.fr\/index.php\/mentions-legales\/#breadcrumb\"},\"inLanguage\":\"fr-FR\",\"potentialAction\":[{\"@type\":\"ReadAction\",\"target\":[\"https:\/\/www.adomtraitdunion.fr\/index.php\/mentions-legales\/\"]}]},{\"@type\":\"BreadcrumbList\",\"@id\":\"https:\/\/www.adomtraitdunion.fr\/index.php\/mentions-legales\/#breadcrumb\",\"itemListElement\":[{\"@type\":\"ListItem\",\"position\":1,\"name\":\"Accueil\",\"item\":\"https:\/\/www.adomtraitdunion.fr\/\"},{\"@type\":\"ListItem\",\"position\":2,\"name\":\"Mentions l\u00e9gales\"}]},{\"@type\":\"WebSite\",\"@id\":\"https:\/\/www.adomtraitdunion.fr\/#website\",\"url\":\"https:\/\/www.adomtraitdunion.fr\/\",\"name\":\"Adom Trait d&#039;Union - Services d&#039;aide \u00e0 domicile \u00e0 Plaisance\",\"description\":\"\",\"potentialAction\":[{\"@type\":\"SearchAction\",\"target\":{\"@type\":\"EntryPoint\",\"urlTemplate\":\"https:\/\/www.adomtraitdunion.fr\/?s={search_term_string}\"},\"query-input\":\"required name=search_term_string\"}],\"inLanguage\":\"fr-FR\"}]}<\/script>\n<!-- \/ Yoast SEO plugin. -->","yoast_head_json":{"title":"Mentions l\u00e9gales - Adom Trait d&#039;Union - Services d&#039;aide \u00e0 domicile \u00e0 Plaisance","robots":{"index":"index","follow":"follow","max-snippet":"max-snippet:-1","max-image-preview":"max-image-preview:large","max-video-preview":"max-video-preview:-1"},"canonical":"https:\/\/www.adomtraitdunion.fr\/index.php\/mentions-legales\/","og_locale":"fr_FR","og_type":"article","og_title":"Mentions l\u00e9gales - Adom Trait d&#039;Union - Services d&#039;aide \u00e0 domicile \u00e0 Plaisance","og_description":"Conditions g\u00e9n\u00e9rales d\u2019utilisation Lorsque vous utilisez ce site, vous acceptez toutes les conditions d\u2019utilisations \u00e9nonc\u00e9es ci dessous. Les informations \u00e9tant susceptibles d\u2019\u00eatre modifi\u00e9es, nous vous conseillons de consulter r\u00e9guli\u00e8rement ces mentions l\u00e9gales. L&rsquo;association Adom &#8211; Trait d&rsquo;Union ne saura \u00eatre tenue pour responsable des dommages directs ou indirects caus\u00e9s \u00e0 son mat\u00e9riel ou \u00e0 son [&hellip;]","og_url":"https:\/\/www.adomtraitdunion.fr\/index.php\/mentions-legales\/","og_site_name":"Adom Trait d&#039;Union - Services d&#039;aide \u00e0 domicile \u00e0 Plaisance","article_modified_time":"2023-01-16T14:04:29+00:00","twitter_card":"summary_large_image","twitter_misc":{"Dur\u00e9e de lecture estim\u00e9e":"4 minutes"},"schema":{"@context":"https:\/\/schema.org","@graph":[{"@type":"WebPage","@id":"https:\/\/www.adomtraitdunion.fr\/index.php\/mentions-legales\/","url":"https:\/\/www.adomtraitdunion.fr\/index.php\/mentions-legales\/","name":"Mentions l\u00e9gales - Adom Trait d&#039;Union - Services d&#039;aide \u00e0 domicile \u00e0 Plaisance","isPartOf":{"@id":"https:\/\/www.adomtraitdunion.fr\/#website"},"datePublished":"2016-05-26T08:36:36+00:00","dateModified":"2023-01-16T14:04:29+00:00","breadcrumb":{"@id":"https:\/\/www.adomtraitdunion.fr\/index.php\/mentions-legales\/#breadcrumb"},"inLanguage":"fr-FR","potentialAction":[{"@type":"ReadAction","target":["https:\/\/www.adomtraitdunion.fr\/index.php\/mentions-legales\/"]}]},{"@type":"BreadcrumbList","@id":"https:\/\/www.adomtraitdunion.fr\/index.php\/mentions-legales\/#breadcrumb","itemListElement":[{"@type":"ListItem","position":1,"name":"Accueil","item":"https:\/\/www.adomtraitdunion.fr\/"},{"@type":"ListItem","position":2,"name":"Mentions l\u00e9gales"}]},{"@type":"WebSite","@id":"https:\/\/www.adomtraitdunion.fr\/#website","url":"https:\/\/www.adomtraitdunion.fr\/","name":"Adom Trait d&#039;Union - Services d&#039;aide \u00e0 domicile \u00e0 Plaisance","description":"","potentialAction":[{"@type":"SearchAction","target":{"@type":"EntryPoint","urlTemplate":"https:\/\/www.adomtraitdunion.fr\/?s={search_term_string}"},"query-input":"required name=search_term_string"}],"inLanguage":"fr-FR"}]}},"_links":{"self":[{"href":"https:\/\/www.adomtraitdunion.fr\/index.php\/wp-json\/wp\/v2\/pages\/23"}],"collection":[{"href":"https:\/\/www.adomtraitdunion.fr\/index.php\/wp-json\/wp\/v2\/pages"}],"about":[{"href":"https:\/\/www.adomtraitdunion.fr\/index.php\/wp-json\/wp\/v2\/types\/page"}],"author":[{"embeddable":true,"href":"https:\/\/www.adomtraitdunion.fr\/index.php\/wp-json\/wp\/v2\/users\/1"}],"replies":[{"embeddable":true,"href":"https:\/\/www.adomtraitdunion.fr\/index.php\/wp-json\/wp\/v2\/comments?post=23"}],"version-history":[{"count":3,"href":"https:\/\/www.adomtraitdunion.fr\/index.php\/wp-json\/wp\/v2\/pages\/23\/revisions"}],"predecessor-version":[{"id":222,"href":"https:\/\/www.adomtraitdunion.fr\/index.php\/wp-json\/wp\/v2\/pages\/23\/revisions\/222"}],"wp:attachment":[{"href":"https:\/\/www.adomtraitdunion.fr\/index.php\/wp-json\/wp\/v2\/media?parent=23"}],"curies":[{"name":"wp","href":"https:\/\/api.w.org\/{rel}","templated":true}]}}