{"id":12,"date":"2016-05-26T10:20:55","date_gmt":"2016-05-26T08:20:55","guid":{"rendered":"http:\/\/adomtraitdunion.fr\/?page_id=12"},"modified":"2023-01-16T15:12:13","modified_gmt":"2023-01-16T14:12:13","slug":"service-de-soins-infirmiers-a-domicile","status":"publish","type":"page","link":"https:\/\/www.adomtraitdunion.fr\/index.php\/service-de-soins-infirmiers-a-domicile\/","title":{"rendered":"Service de soins infirmiers \u00e0 domicile"},"content":{"rendered":"<p>La mission principale du Service de Soins Infirmiers A Domicile est de conserver au maximum l\u2019autonomie et l\u2019ind\u00e9pendance de la personne, d\u2019\u00e9viter ou retarder l\u2019hospitalisation, de retarder l\u2019admission en structure d\u2019h\u00e9bergement, de faciliter le retour \u00e0 domicile apr\u00e8s une hospitalisation, de soutenir les aidants-familiaux ou autres intervenants.<br \/>\nIl a \u00e9galement pour mission d\u2019accompagner dans la dignit\u00e9 jusqu\u2018\u00e0 la fin de vie.<\/p>\n<p>Autoris\u00e9 par l\u2019Agence R\u00e9gionale Sant\u00e9, le SSIAD est dot\u00e9 de 30places personnes \u00e2g\u00e9es, personnes handicap\u00e9es et de 5 places ESA (Equipe Sp\u00e9cialis\u00e9e Alzheimer). Il intervient sur les cantons de Marciac et Plaisance.<\/p>\n<p style=\"text-align: center;\"><img decoding=\"async\" class=\"aligncenter size-full wp-image-13\" src=\"https:\/\/www.adomtraitdunion.fr\/wp-content\/uploads\/2016\/05\/soins.jpg\" alt=\"\" width=\"100%\" srcset=\"https:\/\/www.adomtraitdunion.fr\/wp-content\/uploads\/2016\/05\/soins.jpg 700w, https:\/\/www.adomtraitdunion.fr\/wp-content\/uploads\/2016\/05\/soins-300x131.jpg 300w\" sizes=\"(max-width: 700px) 100vw, 700px\" \/><\/p>\n<h2 class=\"bgh2\">Le public<\/h2>\n<p>Ce service s\u2019adresse aux :<\/p>\n<ul>\n<li>personnes \u00e2g\u00e9es de 60 ans et plus, malades ou en perte d\u2019autonomie<\/li>\n<li>personnes en situation de handicap<\/li>\n<li>personnes atteintes de pathologies chroniques<\/li>\n<\/ul>\n<h3 class=\"vieuh4coord\" style=\"text-align: left;\">L\u2019Equipe Sp\u00e9cialis\u00e9e Alzheimer (ESA)<\/h3>\n<p>Cette \u00e9quipe, int\u00e9gr\u00e9e au SSIAD, a \u00e9t\u00e9 mandat\u00e9e dans le cadre du Plan Alzheimer 2008-2012, <strong>afin de travailler sur le maintien et la stimulation des capacit\u00e9s<\/strong> de patients atteints de d\u00e9mence de type Alzheimer ou apparent\u00e9es \u00e0 un stade l\u00e9ger \u00e0 mod\u00e9r\u00e9, sans condition d\u2019\u00e2ge.<\/p>\n<h2 class=\"bgh2\">Les activit\u00e9s du service<\/h2>\n<p>Plac\u00e9 sous le contr\u00f4le d\u2019une infirmi\u00e8re coordinatrice le service dispense, sur prescription m\u00e9dicale, des soins infirmiers sous forme de soins techniques, de soins de base et de soins relationnels.<\/p>\n<p>L\u2019\u00e9quipe compos\u00e9e d\u2019aides-soignants et d\u2019aides m\u00e9dico-psychologiques concourt au projet de soins et d\u2019accompagnement de la personne dans une attitude d\u2019\u00e9coute et de s\u00e9curit\u00e9.<\/p>\n<p>Les infirmi\u00e8res lib\u00e9rales, conventionn\u00e9es avec le service, assurent les soins techniques.<\/p>\n<p>Le service m\u00e8ne une action coordonn\u00e9e avec les intervenants : m\u00e9decin, infirmi\u00e8re, services d\u2019aide \u00e0 domicile et la famille qui tient une place primordiale dans l\u2019accompagnement.<\/p>\n<p>L\u2019Equipe Sp\u00e9cialis\u00e9e Alzheimer vise \u00e0 am\u00e9liorer ou \u00e0 pr\u00e9server l\u2019autonomie et la s\u00e9curit\u00e9 de la personne dans ses activit\u00e9s quotidiennes Elle s\u2019adresse aux personnes souffrant d\u2019une maladie d\u2019Alzheimer ou maladie apparent\u00e9e.<\/p>\n<p>Les s\u00e9ances de r\u00e9habilitation au nombre de 12 \u00e0 15 sont pratiqu\u00e9es \u00e0 domicile par des assistants de soins en g\u00e9rontologie sous contr\u00f4le de l\u2019infirmi\u00e8re coordinatrice et de l\u2019ergoth\u00e9rapeute.<\/p>\n<h2 class=\"bgh2\">Financement de la prise en charge<\/h2>\n<p>L\u2019intervention du SSIAD est prise en charge \u00e0 100 % par la s\u00e9curit\u00e9 sociale. Les s\u00e9ances individuelles de l\u2019ESA sont renouvelables tous les ans et prises en charge \u00e0 100% par la S\u00e9curit\u00e9 Sociale.<\/p>\n","protected":false},"excerpt":{"rendered":"<p>La mission principale du Service de Soins Infirmiers A Domicile est de conserver au maximum l\u2019autonomie et l\u2019ind\u00e9pendance de la personne, d\u2019\u00e9viter ou retarder l\u2019hospitalisation, de retarder l\u2019admission en structure d\u2019h\u00e9bergement, de faciliter le retour \u00e0 domicile apr\u00e8s une hospitalisation, de soutenir les aidants-familiaux ou autres intervenants. Il a \u00e9galement pour mission d\u2019accompagner dans la [&hellip;]<\/p>\n","protected":false},"author":1,"featured_media":0,"parent":0,"menu_order":0,"comment_status":"closed","ping_status":"closed","template":"ssiad.php","meta":{"_monsterinsights_skip_tracking":false,"_monsterinsights_sitenote_active":false,"_monsterinsights_sitenote_note":"","_monsterinsights_sitenote_category":0},"yoast_head":"<!-- This site is optimized with the Yoast SEO plugin v21.1 - https:\/\/yoast.com\/wordpress\/plugins\/seo\/ -->\n<title>Service de soins infirmiers \u00e0 domicile - Adom Trait D&#039;Union<\/title>\n<meta name=\"description\" content=\"Le service de soins Infirmiers \u00e0 domicile \u00e0 pour mission de conserver au maximum l\u2019autonomie de la personne, d\u2019\u00e9viter ou retarder l\u2019hospitalisation\" \/>\n<meta name=\"robots\" content=\"index, follow, max-snippet:-1, max-image-preview:large, max-video-preview:-1\" \/>\n<link rel=\"canonical\" href=\"https:\/\/www.adomtraitdunion.fr\/index.php\/service-de-soins-infirmiers-a-domicile\/\" \/>\n<meta property=\"og:locale\" content=\"fr_FR\" \/>\n<meta property=\"og:type\" content=\"article\" \/>\n<meta property=\"og:title\" content=\"Service de soins infirmiers \u00e0 domicile - Adom Trait D&#039;Union\" \/>\n<meta property=\"og:description\" content=\"Le service de soins Infirmiers \u00e0 domicile \u00e0 pour mission de conserver au maximum l\u2019autonomie de la personne, d\u2019\u00e9viter ou retarder l\u2019hospitalisation\" \/>\n<meta property=\"og:url\" content=\"https:\/\/www.adomtraitdunion.fr\/index.php\/service-de-soins-infirmiers-a-domicile\/\" \/>\n<meta property=\"og:site_name\" content=\"Adom Trait d&#039;Union - Services d&#039;aide \u00e0 domicile \u00e0 Plaisance\" \/>\n<meta property=\"article:modified_time\" content=\"2023-01-16T14:12:13+00:00\" \/>\n<meta property=\"og:image\" content=\"https:\/\/www.adomtraitdunion.fr\/wp-content\/uploads\/2016\/05\/soins.jpg\" \/>\n<meta name=\"twitter:card\" content=\"summary_large_image\" \/>\n<meta name=\"twitter:label1\" content=\"Dur\u00e9e de lecture estim\u00e9e\" \/>\n\t<meta name=\"twitter:data1\" content=\"3 minutes\" \/>\n<script type=\"application\/ld+json\" class=\"yoast-schema-graph\">{\"@context\":\"https:\/\/schema.org\",\"@graph\":[{\"@type\":\"WebPage\",\"@id\":\"https:\/\/www.adomtraitdunion.fr\/index.php\/service-de-soins-infirmiers-a-domicile\/\",\"url\":\"https:\/\/www.adomtraitdunion.fr\/index.php\/service-de-soins-infirmiers-a-domicile\/\",\"name\":\"Service de soins infirmiers \u00e0 domicile - Adom Trait D'Union\",\"isPartOf\":{\"@id\":\"https:\/\/www.adomtraitdunion.fr\/#website\"},\"datePublished\":\"2016-05-26T08:20:55+00:00\",\"dateModified\":\"2023-01-16T14:12:13+00:00\",\"description\":\"Le service de soins Infirmiers \u00e0 domicile \u00e0 pour mission de conserver au maximum l\u2019autonomie de la personne, d\u2019\u00e9viter ou retarder l\u2019hospitalisation\",\"breadcrumb\":{\"@id\":\"https:\/\/www.adomtraitdunion.fr\/index.php\/service-de-soins-infirmiers-a-domicile\/#breadcrumb\"},\"inLanguage\":\"fr-FR\",\"potentialAction\":[{\"@type\":\"ReadAction\",\"target\":[\"https:\/\/www.adomtraitdunion.fr\/index.php\/service-de-soins-infirmiers-a-domicile\/\"]}]},{\"@type\":\"BreadcrumbList\",\"@id\":\"https:\/\/www.adomtraitdunion.fr\/index.php\/service-de-soins-infirmiers-a-domicile\/#breadcrumb\",\"itemListElement\":[{\"@type\":\"ListItem\",\"position\":1,\"name\":\"Accueil\",\"item\":\"https:\/\/www.adomtraitdunion.fr\/\"},{\"@type\":\"ListItem\",\"position\":2,\"name\":\"Service de soins infirmiers \u00e0 domicile\"}]},{\"@type\":\"WebSite\",\"@id\":\"https:\/\/www.adomtraitdunion.fr\/#website\",\"url\":\"https:\/\/www.adomtraitdunion.fr\/\",\"name\":\"Adom Trait d&#039;Union - Services d&#039;aide \u00e0 domicile \u00e0 Plaisance\",\"description\":\"\",\"potentialAction\":[{\"@type\":\"SearchAction\",\"target\":{\"@type\":\"EntryPoint\",\"urlTemplate\":\"https:\/\/www.adomtraitdunion.fr\/?s={search_term_string}\"},\"query-input\":\"required name=search_term_string\"}],\"inLanguage\":\"fr-FR\"}]}<\/script>\n<!-- \/ Yoast SEO plugin. -->","yoast_head_json":{"title":"Service de soins infirmiers \u00e0 domicile - Adom Trait D'Union","description":"Le service de soins Infirmiers \u00e0 domicile \u00e0 pour mission de conserver au maximum l\u2019autonomie de la personne, d\u2019\u00e9viter ou retarder l\u2019hospitalisation","robots":{"index":"index","follow":"follow","max-snippet":"max-snippet:-1","max-image-preview":"max-image-preview:large","max-video-preview":"max-video-preview:-1"},"canonical":"https:\/\/www.adomtraitdunion.fr\/index.php\/service-de-soins-infirmiers-a-domicile\/","og_locale":"fr_FR","og_type":"article","og_title":"Service de soins infirmiers \u00e0 domicile - Adom Trait D'Union","og_description":"Le service de soins Infirmiers \u00e0 domicile \u00e0 pour mission de conserver au maximum l\u2019autonomie de la personne, d\u2019\u00e9viter ou retarder l\u2019hospitalisation","og_url":"https:\/\/www.adomtraitdunion.fr\/index.php\/service-de-soins-infirmiers-a-domicile\/","og_site_name":"Adom Trait d&#039;Union - Services d&#039;aide \u00e0 domicile \u00e0 Plaisance","article_modified_time":"2023-01-16T14:12:13+00:00","og_image":[{"url":"https:\/\/www.adomtraitdunion.fr\/wp-content\/uploads\/2016\/05\/soins.jpg"}],"twitter_card":"summary_large_image","twitter_misc":{"Dur\u00e9e de lecture estim\u00e9e":"3 minutes"},"schema":{"@context":"https:\/\/schema.org","@graph":[{"@type":"WebPage","@id":"https:\/\/www.adomtraitdunion.fr\/index.php\/service-de-soins-infirmiers-a-domicile\/","url":"https:\/\/www.adomtraitdunion.fr\/index.php\/service-de-soins-infirmiers-a-domicile\/","name":"Service de soins infirmiers \u00e0 domicile - Adom Trait D'Union","isPartOf":{"@id":"https:\/\/www.adomtraitdunion.fr\/#website"},"datePublished":"2016-05-26T08:20:55+00:00","dateModified":"2023-01-16T14:12:13+00:00","description":"Le service de soins Infirmiers \u00e0 domicile \u00e0 pour mission de conserver au maximum l\u2019autonomie de la personne, d\u2019\u00e9viter ou retarder l\u2019hospitalisation","breadcrumb":{"@id":"https:\/\/www.adomtraitdunion.fr\/index.php\/service-de-soins-infirmiers-a-domicile\/#breadcrumb"},"inLanguage":"fr-FR","potentialAction":[{"@type":"ReadAction","target":["https:\/\/www.adomtraitdunion.fr\/index.php\/service-de-soins-infirmiers-a-domicile\/"]}]},{"@type":"BreadcrumbList","@id":"https:\/\/www.adomtraitdunion.fr\/index.php\/service-de-soins-infirmiers-a-domicile\/#breadcrumb","itemListElement":[{"@type":"ListItem","position":1,"name":"Accueil","item":"https:\/\/www.adomtraitdunion.fr\/"},{"@type":"ListItem","position":2,"name":"Service de soins infirmiers \u00e0 domicile"}]},{"@type":"WebSite","@id":"https:\/\/www.adomtraitdunion.fr\/#website","url":"https:\/\/www.adomtraitdunion.fr\/","name":"Adom Trait d&#039;Union - Services d&#039;aide \u00e0 domicile \u00e0 Plaisance","description":"","potentialAction":[{"@type":"SearchAction","target":{"@type":"EntryPoint","urlTemplate":"https:\/\/www.adomtraitdunion.fr\/?s={search_term_string}"},"query-input":"required name=search_term_string"}],"inLanguage":"fr-FR"}]}},"_links":{"self":[{"href":"https:\/\/www.adomtraitdunion.fr\/index.php\/wp-json\/wp\/v2\/pages\/12"}],"collection":[{"href":"https:\/\/www.adomtraitdunion.fr\/index.php\/wp-json\/wp\/v2\/pages"}],"about":[{"href":"https:\/\/www.adomtraitdunion.fr\/index.php\/wp-json\/wp\/v2\/types\/page"}],"author":[{"embeddable":true,"href":"https:\/\/www.adomtraitdunion.fr\/index.php\/wp-json\/wp\/v2\/users\/1"}],"replies":[{"embeddable":true,"href":"https:\/\/www.adomtraitdunion.fr\/index.php\/wp-json\/wp\/v2\/comments?post=12"}],"version-history":[{"count":7,"href":"https:\/\/www.adomtraitdunion.fr\/index.php\/wp-json\/wp\/v2\/pages\/12\/revisions"}],"predecessor-version":[{"id":227,"href":"https:\/\/www.adomtraitdunion.fr\/index.php\/wp-json\/wp\/v2\/pages\/12\/revisions\/227"}],"wp:attachment":[{"href":"https:\/\/www.adomtraitdunion.fr\/index.php\/wp-json\/wp\/v2\/media?parent=12"}],"curies":[{"name":"wp","href":"https:\/\/api.w.org\/{rel}","templated":true}]}}